{"id":683,"date":"2021-02-18T15:18:57","date_gmt":"2021-02-18T15:18:57","guid":{"rendered":"https:\/\/fabriziogarcia.com\/?page_id=683"},"modified":"2026-04-06T16:29:07","modified_gmt":"2026-04-06T21:29:07","slug":"blog","status":"publish","type":"page","link":"https:\/\/fabriziogarcia.com\/es\/blog\/","title":{"rendered":"Blog"},"content":{"rendered":"<div class=\"brz-root__container brz-reset-all brz brz-root__container-page\">\n<section id=\"_ppawaqinmhnbaazfyabnozuraubfluxbtyry\" class=\"brz-section brz-css-yfc3al brz-css-1qjy2fh\">\n<div class=\"brz-section__content brz-section--boxed brz-css-cpua7f brz-css-qnx445\" data-brz-custom-id=\"lvxpcwapzmpqhdngrxsgrxddyverplmswhsu\">\n<div class=\"brz-bg\">\n<div class=\"brz-bg-color\"><\/div>\n<div class=\"brz-bg-shape brz-bg-shape__bottom\"><\/div>\n<\/div>\n<div class=\"brz-container brz-css-1c4m00c\">\n<div id=\"\" class=\"brz-css-1s5c9rx brz-wrapper\">\n<div class=\"brz-rich-text brz-rich-text__custom brz-css-19h2i9m\" data-brz-custom-id=\"lxiclxqwlwranzonkxzupzqgspoydmcsdhsl\">\n<div data-brz-translate-text=\"1\">\n<p class=\"brz-lh-lg-1_9 brz-lh-sm-im-1_6 brz-lh-xs-im-1_6 brz-ls-lg-0 brz-ls-sm-im-0 brz-ls-xs-im-0 brz-ff-noto_serif brz-ft-google brz-fw-lg-400 brz-fw-sm-im-400 brz-fw-xs-im-400 brz-text-lg-center brz-fs-lg-30 brz-fs-sm-im-29 brz-fs-xs-im-29 brz-css-klECm\"><strong class=\"brz-cp-color8\">BLOG<\/strong><\/p>\n<p class=\"brz-lh-lg-1_9 brz-lh-sm-im-1_6 brz-lh-xs-im-1_6 brz-ls-lg-0 brz-ls-sm-im-0 brz-ls-xs-im-0 brz-ff-noto_serif brz-ft-google brz-fw-lg-400 brz-fw-sm-im-400 brz-fw-xs-im-400 brz-text-lg-center brz-fs-lg-20 brz-fs-sm-im-19 brz-fs-xs-im-19 brz-css-vs_YH\"><span class=\"brz-cp-color8\">Fabrizio Garc\u00eda Bacigalupo <\/span><\/p>\n<\/div>\n<\/div>\n<\/div>\n<div id=\"\" data-brz-iteration-count=\"1\" class=\"brz-css-1s5c9rx brz-wrapper brz-animated brz-css-1qhk2u9 brz-css-10o8pcg\" data-animationid=\"kxtpgufxxvaogpyrttvjkbskytusionmatln\">\n<div class=\"brz-rich-text brz-rich-text__custom brz-css-19h2i9m\" data-brz-custom-id=\"dpuvlkuhcwqcyvwtsferougbuppcaxkvcdvr\">\n<div data-brz-translate-text=\"1\">\n<p class=\"brz-tp-paragraph brz-text-lg-justify brz-css-ng6O3\"><span class=\"brz-cp-color8\">Dice el adagio popular: \u201cDonde dialogan dos abogados, hay tres criterios\u201d aqu\u00ed encontrar\u00e1n los m\u00edos, expuestos desde la ciencia del derecho; espero conocer los suyos, en los comentarios de cada publicaci\u00f3n.<\/span><\/p>\n<\/div>\n<\/div>\n<\/div>\n<div id=\"\" class=\"brz-css-1s5c9rx brz-css-1nshpwh brz-css-wiexou brz-wrapper\">\n<div class=\"brz-posts brz-css-4umswj brz-css-8gssry\" data-brz-custom-id=\"ehyvmkuceuaebqolzkwxovziwuxaazowygta\">\n<div class=\"brz-posts__wrapper\">\n<div class=\"brz-posts__item\">\n<div class=\"brz-columns brz-css-wombcq brz-css-1jtmzq\" data-brz-custom-id=\"bojosblhlkwougzzhihmmqnhaoeuangybqbf\">\n<div class=\"brz-bg\"><\/div>\n<div class=\"brz-column__items brz-css-10suac5\">\n<div id=\"\" class=\"brz-css-1s5c9rx brz-wrapper\">\n<div class=\"brz-image brz-css-1j147fd\" data-brz-custom-id=\"aiahvzpvgjkvgdnjadyoqewzaxbwwwijtzrd\"><img decoding=\"async\" class=\"brz-img\" src=\"\" alt=\"\" loading=\"lazy\"><\/div>\n<\/div>\n<div id=\"\" class=\"brz-css-1s5c9rx brz-wrapper\">\n<div class=\"brz-wp-title brz-css-11gl7ye brz-css-etfo27\" data-brz-custom-id=\"cdxvdpqingeoknntpztohbkpmtzqtgnjdyie\"><span class=\"brz-wp-title-content\"><\/span><\/div>\n<\/div>\n<div class=\"brz-wrapper-clone brz-css-d2a9lw\">\n<div class=\"brz-d-xs-flex brz-flex-xs-wrap brz-css-1wtaj57\" data-brz-custom-id=\"\">\n<div class=\"brz-wrapper-clone__item\" id=\"cxksnhizpnezcgmrxlyszbuymjzkppmzdsvp\"><a class=\"brz-a brz-btn brz-css-18yyny9 brz-css-14kkvzf brz-css-10o78ct brz-css-1mptz3l brz-css-1ydmvn8\" href=\"\" target=\"_self\" rel=\"noopener\" data-brz-link-type=\"external\" data-brz-custom-id=\"cxksnhizpnezcgmrxlyszbuymjzkppmzdsvp\"><span data-brz-translate-text=\"1\" class=\"brz-span brz-text__editor\">Leer<\/span><\/a><\/div>\n<\/div>\n<\/div>\n<\/div>\n<\/div>\n<\/div>\n<\/div>\n<\/div>\n<\/div>\n<\/div>\n<\/div>\n<\/section>\n<\/div>\n<p> <\/p>\n","protected":false},"excerpt":{"rendered":"<p>BLOG Fabrizio Garc\u00eda Bacigalupo Dice el adagio popular: \u201cDonde dialogan dos abogados, hay tres criterios\u201d aqu\u00ed encontrar\u00e1n los m\u00edos, expuestos desde la ciencia del derecho; espero conocer los suyos, en los comentarios de cada publicaci\u00f3n. Leer<\/p>\n","protected":false},"author":1,"featured_media":0,"parent":0,"menu_order":0,"comment_status":"closed","ping_status":"closed","template":"","meta":{"ocean_post_layout":"full-screen","ocean_both_sidebars_style":"","ocean_both_sidebars_content_width":0,"ocean_both_sidebars_sidebars_width":0,"ocean_sidebar":"0","ocean_second_sidebar":"0","ocean_disable_margins":"on","ocean_add_body_class":"","ocean_shortcode_before_top_bar":"","ocean_shortcode_after_top_bar":"","ocean_shortcode_before_header":"","ocean_shortcode_after_header":"","ocean_has_shortcode":"","ocean_shortcode_after_title":"","ocean_shortcode_before_footer_widgets":"","ocean_shortcode_after_footer_widgets":"","ocean_shortcode_before_footer_bottom":"","ocean_shortcode_after_footer_bottom":"","ocean_display_top_bar":"default","ocean_display_header":"default","ocean_header_style":"","ocean_center_header_left_menu":"0","ocean_custom_header_template":"0","ocean_custom_logo":0,"ocean_custom_retina_logo":0,"ocean_custom_logo_max_width":0,"ocean_custom_logo_tablet_max_width":0,"ocean_custom_logo_mobile_max_width":0,"ocean_custom_logo_max_height":0,"ocean_custom_logo_tablet_max_height":0,"ocean_custom_logo_mobile_max_height":0,"ocean_header_custom_menu":"0","ocean_menu_typo_font_family":"0","ocean_menu_typo_font_subset":"","ocean_menu_typo_font_size":0,"ocean_menu_typo_font_size_tablet":0,"ocean_menu_typo_font_size_mobile":0,"ocean_menu_typo_font_size_unit":"px","ocean_menu_typo_font_weight":"","ocean_menu_typo_font_weight_tablet":"","ocean_menu_typo_font_weight_mobile":"","ocean_menu_typo_transform":"","ocean_menu_typo_transform_tablet":"","ocean_menu_typo_transform_mobile":"","ocean_menu_typo_line_height":0,"ocean_menu_typo_line_height_tablet":0,"ocean_menu_typo_line_height_mobile":0,"ocean_menu_typo_line_height_unit":"","ocean_menu_typo_spacing":0,"ocean_menu_typo_spacing_tablet":0,"ocean_menu_typo_spacing_mobile":0,"ocean_menu_typo_spacing_unit":"","ocean_menu_link_color":"","ocean_menu_link_color_hover":"","ocean_menu_link_color_active":"","ocean_menu_link_background":"","ocean_menu_link_hover_background":"","ocean_menu_link_active_background":"","ocean_menu_social_links_bg":"","ocean_menu_social_hover_links_bg":"","ocean_menu_social_links_color":"","ocean_menu_social_hover_links_color":"","ocean_disable_title":"on","ocean_disable_heading":"default","ocean_post_title":"","ocean_post_subheading":"","ocean_post_title_style":"","ocean_post_title_background_color":"","ocean_post_title_background":0,"ocean_post_title_bg_image_position":"","ocean_post_title_bg_image_attachment":"","ocean_post_title_bg_image_repeat":"","ocean_post_title_bg_image_size":"","ocean_post_title_height":0,"ocean_post_title_bg_overlay":0.5,"ocean_post_title_bg_overlay_color":"","ocean_disable_breadcrumbs":"off","ocean_breadcrumbs_color":"","ocean_breadcrumbs_separator_color":"","ocean_breadcrumbs_links_color":"","ocean_breadcrumbs_links_hover_color":"","ocean_display_footer_widgets":"off","ocean_display_footer_bottom":"default","ocean_custom_footer_template":"0","footnotes":""},"class_list":["post-683","page","type-page","status-publish","hentry","entry"],"aioseo_notices":[],"brizy_media":[{"id":46,"url":"https:\/\/fabriziogarcia.com\/wp-content\/uploads\/2021\/02\/final-9.png","name":"final-9.png","meta":{"brizy_attachment_uid":"wp-e6a3c49ad414a0947bbe741052749c83.png","brizy_post_uid":["47588df16c7dfdb9b7eb44b8de125dc6","08ab093609440b3f75147e77a9aa1f53"]}}],"_links":{"self":[{"href":"https:\/\/fabriziogarcia.com\/es\/wp-json\/wp\/v2\/pages\/683","targetHints":{"allow":["GET"]}}],"collection":[{"href":"https:\/\/fabriziogarcia.com\/es\/wp-json\/wp\/v2\/pages"}],"about":[{"href":"https:\/\/fabriziogarcia.com\/es\/wp-json\/wp\/v2\/types\/page"}],"author":[{"embeddable":true,"href":"https:\/\/fabriziogarcia.com\/es\/wp-json\/wp\/v2\/users\/1"}],"replies":[{"embeddable":true,"href":"https:\/\/fabriziogarcia.com\/es\/wp-json\/wp\/v2\/comments?post=683"}],"version-history":[{"count":9,"href":"https:\/\/fabriziogarcia.com\/es\/wp-json\/wp\/v2\/pages\/683\/revisions"}],"predecessor-version":[{"id":2485,"href":"https:\/\/fabriziogarcia.com\/es\/wp-json\/wp\/v2\/pages\/683\/revisions\/2485"}],"wp:attachment":[{"href":"https:\/\/fabriziogarcia.com\/es\/wp-json\/wp\/v2\/media?parent=683"}],"curies":[{"name":"wp","href":"https:\/\/api.w.org\/{rel}","templated":true}]}}